{"id":102,"date":"2025-05-02T17:51:47","date_gmt":"2025-05-02T15:51:47","guid":{"rendered":"https:\/\/www.cea-emig.ne\/?page_id=102"},"modified":"2025-05-04T16:28:42","modified_gmt":"2025-05-04T14:28:42","slug":"faqs","status":"publish","type":"page","link":"https:\/\/www.cea-emig.ne\/index.php\/faqs\/","title":{"rendered":"FAQs"},"content":{"rendered":"\n<p>Qu\u2019est-ce que le Centre CEA_EM-EMIG&nbsp;?<br>Le Centre Emergent Environnement Minier (CEA_EM-EMIG) est ancr\u00e9 \u00e0 l\u2019Ecole des Mines, de l\u2019Industrie et de la G\u00e9ologie (EMIG) \u00e0 Niamey (NIGER). Le Centre assure des formations de niveau Licences, Masters et Doctorats dans les domaines des sciences de la terre et assure \u00e9galement la formation continue et le perfectionnement des cadres en activit\u00e9.<br>Les organes du centre CEA_EM sont&nbsp;: le Comit\u00e9 National de Pilotage, le Comit\u00e9 Consultatif Sectoriel, le Comit\u00e9 Consultatif Scientifique International.<\/p>\n\n\n\n<ul class=\"wp-block-list\">\n<li>Le Comit\u00e9 National de Pilotage (COPIL), compos\u00e9 des partenaires institutionnels et acad\u00e9miques est pr\u00e9sid\u00e9 par le Ministre charg\u00e9 de l\u2019Enseignement Sup\u00e9rieur. Il approuve les activit\u00e9s et les budgets des centres, les soutient dans la mise en \u0153uvre du projet.<\/li>\n\n\n\n<li>Le Comit\u00e9 Consultatif Scientifique International, (CCSI) compos\u00e9 d\u2019acad\u00e9miciens de renomm\u00e9e internationale fournit des conseils sur les activit\u00e9s acad\u00e9miques et de recherche du Centre.<\/li>\n\n\n\n<li>Le Comit\u00e9 Consultatif Sectoriel (CCS) est compos\u00e9 des responsables sectoriels et industriels. En collaboration avec le Comit\u00e9 Consultatif Scientifique International (CCSI), le CCS fournit des conseils sur les programmes d\u2019\u00e9tude et les futures orientations de recherche et des suggestions sur les activit\u00e9s d&rsquo;\u00e9tude et de recherche au centre.<\/li>\n<\/ul>\n\n\n\n<p>Quelles sont les missions du CEA_EM-EMIG&nbsp;?<br>Le Centre CEA_EM-EMIG a pour mission la formation des Licences et Master en environnement minier.<\/p>\n\n\n\n<p>Que vise le CEA_EM-EMIG \u00e0 travers la formation et la recherche&nbsp;?<br>Contribuer \u00e0 la formation d\u2019un personnel qualifi\u00e9 capable de prendre en charge les questions de r\u00e9habilitation et de restauration des sites miniers (exploitations artisanales, semi-m\u00e9canis\u00e9es et industrielles) dans l\u2019ensemble de l\u2019espace UEMOA.<\/p>\n\n\n\n<p>D\u2019o\u00f9 viennent les \u00e9tudiants form\u00e9s par le CEA_EM-EMIG&nbsp;?<br>Les \u00e9tudiants du centre sont des nationaux et des r\u00e9gionaux.<\/p>\n\n\n\n<p>COMMENT POSTULER&nbsp;?<br>Composition du dossier de candidature des \u00e9tudiants en Licence et Master<br>Le dossier de candidature en fran\u00e7ais ou en anglais est constitu\u00e9 des pi\u00e8ces suivantes&nbsp;:<br>Une demande adress\u00e9e au Directeur du Centre CEA_EM-EMIG pr\u00e9cisant l\u2019int\u00e9r\u00eat pour la formation souhait\u00e9e et le programme choisi&nbsp;;<br>Une lettre de motivation&nbsp;;<br>Un extrait d\u2019acte de naissance ou de jugement suppl\u00e9tif certifi\u00e9 conforme&nbsp;;<br>Un certificat de nationalit\u00e9 certifi\u00e9 conforme&nbsp;;<br>Un curriculum vitae d\u00e9taill\u00e9&nbsp;;<br>Les copies certifi\u00e9es conformes des relev\u00e9s de notes et des attestations de dipl\u00f4me&nbsp;;<br>Un certificat de visite et contre visite m\u00e9dical datant de moins de trois mois&nbsp;;<br>Une photocopie de la pi\u00e8ce d\u2019identit\u00e9 ou du passeport&nbsp;;<br>Deux photos d\u2019identit\u00e9.<\/p>\n\n\n\n<p>Composition du dossier de candidature Doctorat<br>Le dossier de candidature en fran\u00e7ais ou en anglais est constitu\u00e9 des pi\u00e8ces suivantes&nbsp;:<br>Une demande adress\u00e9e au Directeur du Centre CEA_EM-EMIG pr\u00e9cisant le domaine de recherche envisag\u00e9&nbsp;;<br>Une lettre de motivation&nbsp;;<br>Un extrait d\u2019acte de naissance ou de jugement suppl\u00e9tif certifi\u00e9 conforme&nbsp;;<br>Un certificat de nationalit\u00e9 certifi\u00e9 conforme&nbsp;;<br>Un curriculum vitae d\u00e9taill\u00e9&nbsp;;<br>Une lettre de recommandation \u00e9crite par au moins un enseignant de l\u2019\u00e9tablissement d\u2019enseignement sup\u00e9rieur d\u2019origine sous qui le\/la candidat (e) \u00e0 travailler<br>Une photocopie certifi\u00e9e conforme du dipl\u00f4me du Master&nbsp;;<br>Les photocopies certifi\u00e9es conformes des relev\u00e9s de notes pour toute la formation universitaire pr\u00e9c\u00e9dente (Master ou \u00e9quivalent)&nbsp;;<br>Le rapport de soutenance du m\u00e9moire de Master&nbsp;;<br>Un certificat de visite et contre visite m\u00e9dical datant de moins de trois mois&nbsp;;<br>Une photocopie de la pi\u00e8ce d\u2019identit\u00e9 ou du passeport&nbsp;;<br>Deux photos d\u2019identit\u00e9.<\/p>\n\n\n\n<p>Quels sont les partenaires du CEA_EM-EMIG&nbsp;?<br>Partenaires institutionnels&nbsp;:<\/p>\n\n\n\n<ul class=\"wp-block-list\">\n<li>Banque Mondiale (BM)<\/li>\n\n\n\n<li>Minist\u00e8re de l\u2019Enseignement Sup\u00e9rieur de la Recherche et de l\u2019Innovation\u00a0; des Finances\u00a0; des Mines\u00a0; de l\u2019Industrie, de l\u2019Hydraulique, de l\u2019Environnement, du P\u00e9trole\u00a0;<\/li>\n\n\n\n<li>Chambre de Commerce, d\u2019Industrie et d\u2019Artisanat du NIGER (CCIAN)\u00a0;<\/li>\n\n\n\n<li>Agence Universitaire de la Francophonie (AUF)\u00a0;<\/li>\n\n\n\n<li>Union Mon\u00e9taire et Economique Ouest Africaine (UEMOA)<\/li>\n\n\n\n<li>Banque Sah\u00e9lo-Saharienne pour l\u2019Investissement et le Commerce (BSIC)\u00a0;<br>Partenaires acad\u00e9miques nationaux :<\/li>\n\n\n\n<li>Universit\u00e9 Abdou Moumouni de Niamey (Niger)<\/li>\n\n\n\n<li>Universit\u00e9 Dan Diko Dan Koulodo de Maradi (Niger)<\/li>\n\n\n\n<li>Universit\u00e9 de Zinder (Niger)<\/li>\n\n\n\n<li>Universit\u00e9 des Sciences et Technologies du Niger (Niger)<\/li>\n<\/ul>\n\n\n\n<p>Partenaires acad\u00e9miques r\u00e9gionaux :<\/p>\n\n\n\n<ul class=\"wp-block-list\">\n<li>Institut National Polytechnique HOUPHOU\u00cbT-BOIGNY de Yamoussoukro (C\u00f4te d\u2019Ivoire)<\/li>\n\n\n\n<li>Institut Sup\u00e9rieur des Mines et de la G\u00e9ologie de Bok\u00e9 (Guin\u00e9e)<\/li>\n\n\n\n<li>Universit\u00e9 de Lom\u00e9 (Togo)<\/li>\n\n\n\n<li>Ecole Polytechnique d\u2019Abomey-Calavi (EPAC) \u00e0 Cotonou (B\u00e9nin)<\/li>\n\n\n\n<li>Universit\u00e9 Badji Mokhtar d&rsquo;Annaba (Alg\u00e9rie)<\/li>\n\n\n\n<li>Institut Catholique Saint J\u00e9r\u00f4me de Douala (Cameroun)<\/li>\n\n\n\n<li>Universit\u00e9 Aube nouvelle de Ouagadougou (Burkina Faso)<\/li>\n\n\n\n<li>Ecole Sup\u00e9rieure Polytechnique de la Jeunesse (ESUPJ) de Ouagadougou (Burkina Faso)<\/li>\n\n\n\n<li>Ecole Nationale des Industries Min\u00e9rales de Rabat (Maroc)<\/li>\n\n\n\n<li>Universit\u00e9 Priv\u00e9e Ahmed Baba (UPAB) (MALI)<\/li>\n\n\n\n<li>Institut International d\u2019Ing\u00e9nierie de l\u2019Eau et de l\u2019Environnement (2IE) (Burkina Faso)<\/li>\n\n\n\n<li>Ecole Nationale d&rsquo;Ing\u00e9nieurs \u2013 Abderamane Baba Toure (ENI-ABT) (Mali)<\/li>\n<\/ul>\n\n\n\n<p>Partenaires acad\u00e9miques internationaux :<\/p>\n\n\n\n<ul class=\"wp-block-list\">\n<li>Universit\u00e9 de Havre (France)<\/li>\n\n\n\n<li>Ecole Nationale Sup\u00e9rieure de G\u00e9ologie de Nancy (ENSG) (France)\u00a0;<\/li>\n\n\n\n<li>Ecole Nationale des Travaux Publics de l\u2019Etat de Lyon (ENTPE) (France)\u00a0;<\/li>\n\n\n\n<li>Camborne School Of Mines College Of Engineering Mathematics And Physical Sciences (England)<\/li>\n\n\n\n<li>Universit\u00e9 DE CORDOBA (Espagne)<\/li>\n<\/ul>\n\n\n\n<p>Partenaires sectoriels<\/p>\n\n\n\n<ul class=\"wp-block-list\">\n<li>Compagnie Mini\u00e8re d\u2019Akouta (COMINAK)<\/li>\n\n\n\n<li>Soci\u00e9t\u00e9 des Mines de l\u2019A\u00cfR (SOMA\u00cfR)<\/li>\n\n\n\n<li>Soci\u00e9t\u00e9 Nig\u00e9rienne de Charbon d\u2019Anou-Araren (SONICHAR)<\/li>\n\n\n\n<li>Soci\u00e9t\u00e9 du Patrimoine des Mines du Niger (SOPAMIN)<\/li>\n\n\n\n<li>Soci\u00e9t\u00e9 des Mines de Liptako (SML)<\/li>\n\n\n\n<li>Nouvelle Cimenterie du Niger (NCN)<\/li>\n\n\n\n<li>Soci\u00e9t\u00e9 d\u2019Exploitation des Eaux du Niger (SEEN)<\/li>\n<\/ul>\n\n\n\n<p>R\u00e9seaux Internationaux<\/p>\n\n\n\n<ul class=\"wp-block-list\">\n<li>ACEPartners<\/li>\n\n\n\n<li>Programme Solidarit\u00e9 EAU (pS-EAU)<\/li>\n<\/ul>\n\n\n\n<p>Comment contacter le Centre CEA_EM-EMIG&nbsp;?<br>Ecole des Mines, de l\u2019Industrie et de la G\u00e9ologie (EMIG)<br>BP 732 NIAMEY \u2013 Niger (1349, Rue du CHU Lamord\u00e9)<br>T\u00e9l.&nbsp;: (00227) 20 31 57 97 \/ 20 31 51 00<br>Courriel.&nbsp;: emig@intnet.ne &#8211; Site Web.&nbsp;: www.cea-emig.ne<\/p>\n","protected":false},"excerpt":{"rendered":"<p>Qu\u2019est-ce que le Centre CEA_EM-EMIG&nbsp;?Le Centre Emergent Environnement Minier (CEA_EM-EMIG) est ancr\u00e9 \u00e0 l\u2019Ecole des Mines, de l\u2019Industrie et de la G\u00e9ologie (EMIG) \u00e0 Niamey (NIGER). Le Centre assure des formations de niveau Licences, Masters et Doctorats dans les domaines des sciences de la terre et assure \u00e9galement la formation continue et le perfectionnement des&#8230;<\/p>\n","protected":false},"author":1,"featured_media":0,"parent":0,"menu_order":0,"comment_status":"closed","ping_status":"closed","template":"","meta":{"saved_in_kubio":false,"_kad_post_transparent":"","_kad_post_title":"","_kad_post_layout":"","_kad_post_sidebar_id":"","_kad_post_content_style":"","_kad_post_vertical_padding":"","_kad_post_feature":"","_kad_post_feature_position":"","_kad_post_header":false,"_kad_post_footer":false,"footnotes":""},"class_list":["post-102","page","type-page","status-publish","hentry"],"kubio_ai_page_context":{"short_desc":"","purpose":"general"},"_links":{"self":[{"href":"https:\/\/www.cea-emig.ne\/index.php\/wp-json\/wp\/v2\/pages\/102","targetHints":{"allow":["GET"]}}],"collection":[{"href":"https:\/\/www.cea-emig.ne\/index.php\/wp-json\/wp\/v2\/pages"}],"about":[{"href":"https:\/\/www.cea-emig.ne\/index.php\/wp-json\/wp\/v2\/types\/page"}],"author":[{"embeddable":true,"href":"https:\/\/www.cea-emig.ne\/index.php\/wp-json\/wp\/v2\/users\/1"}],"replies":[{"embeddable":true,"href":"https:\/\/www.cea-emig.ne\/index.php\/wp-json\/wp\/v2\/comments?post=102"}],"version-history":[{"count":2,"href":"https:\/\/www.cea-emig.ne\/index.php\/wp-json\/wp\/v2\/pages\/102\/revisions"}],"predecessor-version":[{"id":380,"href":"https:\/\/www.cea-emig.ne\/index.php\/wp-json\/wp\/v2\/pages\/102\/revisions\/380"}],"wp:attachment":[{"href":"https:\/\/www.cea-emig.ne\/index.php\/wp-json\/wp\/v2\/media?parent=102"}],"curies":[{"name":"wp","href":"https:\/\/api.w.org\/{rel}","templated":true}]}}