{"id":114,"date":"2025-05-02T17:59:22","date_gmt":"2025-05-02T15:59:22","guid":{"rendered":"https:\/\/www.cea-emig.ne\/?page_id=114"},"modified":"2025-05-04T15:53:44","modified_gmt":"2025-05-04T13:53:44","slug":"comment-postuler","status":"publish","type":"page","link":"https:\/\/www.cea-emig.ne\/index.php\/comment-postuler\/","title":{"rendered":"Comment postuler ?"},"content":{"rendered":"\n<p>Composition du dossier de candidature des \u00e9tudiants en Licence et Master<br>Le dossier de candidature en fran\u00e7ais ou en anglais est constitu\u00e9 des pi\u00e8ces suivantes&nbsp;:<br>Une demande adress\u00e9e au Directeur du Centre CEA_EM-EMIG pr\u00e9cisant l\u2019int\u00e9r\u00eat pour la formation souhait\u00e9e et le programme choisi&nbsp;;<br>Une lettre de motivation&nbsp;;<br>Un extrait d\u2019acte de naissance ou de jugement suppl\u00e9tif certifi\u00e9 conforme&nbsp;;<br>Un certificat de nationalit\u00e9 certifi\u00e9 conforme&nbsp;;<br>Un curriculum vitae d\u00e9taill\u00e9&nbsp;;<br>Les copies certifi\u00e9es conformes des relev\u00e9s de notes et des attestations de dipl\u00f4me&nbsp;;<br>Un certificat de visite et contre visite m\u00e9dical datant de moins de trois mois&nbsp;;<br>Une photocopie de la pi\u00e8ce d\u2019identit\u00e9 ou du passeport&nbsp;;<br>Deux photos d\u2019identit\u00e9.<\/p>\n\n\n\n<p>Composition du dossier de candidature Doctorat<br>Le dossier de candidature en fran\u00e7ais ou en anglais est constitu\u00e9 des pi\u00e8ces suivantes&nbsp;:<br>Une demande adress\u00e9e au Directeur du Centre CEA_EM-EMIG pr\u00e9cisant le domaine de recherche envisag\u00e9&nbsp;;<br>Une lettre de motivation&nbsp;;<br>Un extrait d\u2019acte de naissance ou de jugement suppl\u00e9tif certifi\u00e9 conforme&nbsp;;<br>Un certificat de nationalit\u00e9 certifi\u00e9 conforme&nbsp;;<br>Un curriculum vitae d\u00e9taill\u00e9&nbsp;;<br>Une lettre de recommandation \u00e9crite par au moins un enseignant de l\u2019\u00e9tablissement d\u2019enseignement sup\u00e9rieur d\u2019origine sous qui le\/la candidat (e) \u00e0 travailler<br>Une photocopie certifi\u00e9e conforme du dipl\u00f4me du Master&nbsp;;<br>Les photocopies certifi\u00e9es conformes des relev\u00e9s de notes pour toute la formation universitaire pr\u00e9c\u00e9dente (Master ou \u00e9quivalent)&nbsp;;<br>Le rapport de soutenance du m\u00e9moire de Master&nbsp;;<br>Un certificat de visite et contre visite m\u00e9dical datant de moins de trois mois&nbsp;;<br>Une photocopie de la pi\u00e8ce d\u2019identit\u00e9 ou du passeport&nbsp;;<br>Deux photos d\u2019identit\u00e9.<\/p>\n\n\n\n<figure class=\"wp-block-image size-large\"><img loading=\"lazy\" decoding=\"async\" width=\"1024\" height=\"768\" src=\"http:\/\/www.cea-emig.ne\/wp-content\/uploads\/2025\/05\/P1100103-1024x768.jpg\" alt=\"\" class=\"wp-image-212\" srcset=\"https:\/\/www.cea-emig.ne\/wp-content\/uploads\/2025\/05\/P1100103-1024x768.jpg 1024w, https:\/\/www.cea-emig.ne\/wp-content\/uploads\/2025\/05\/P1100103-300x225.jpg 300w, https:\/\/www.cea-emig.ne\/wp-content\/uploads\/2025\/05\/P1100103-768x576.jpg 768w, https:\/\/www.cea-emig.ne\/wp-content\/uploads\/2025\/05\/P1100103.jpg 1280w\" sizes=\"(max-width: 1024px) 100vw, 1024px\" \/><\/figure>\n","protected":false},"excerpt":{"rendered":"<p>Composition du dossier de candidature des \u00e9tudiants en Licence et MasterLe dossier de candidature en fran\u00e7ais ou en anglais est constitu\u00e9 des pi\u00e8ces suivantes&nbsp;:Une demande adress\u00e9e au Directeur du Centre CEA_EM-EMIG pr\u00e9cisant l\u2019int\u00e9r\u00eat pour la formation souhait\u00e9e et le programme choisi&nbsp;;Une lettre de motivation&nbsp;;Un extrait d\u2019acte de naissance ou de jugement suppl\u00e9tif certifi\u00e9 conforme&nbsp;;Un certificat&#8230;<\/p>\n","protected":false},"author":1,"featured_media":0,"parent":0,"menu_order":0,"comment_status":"closed","ping_status":"closed","template":"","meta":{"saved_in_kubio":false,"_kad_post_transparent":"","_kad_post_title":"","_kad_post_layout":"","_kad_post_sidebar_id":"","_kad_post_content_style":"","_kad_post_vertical_padding":"","_kad_post_feature":"","_kad_post_feature_position":"","_kad_post_header":false,"_kad_post_footer":false,"footnotes":""},"class_list":["post-114","page","type-page","status-publish","hentry"],"kubio_ai_page_context":{"short_desc":"","purpose":"general"},"_links":{"self":[{"href":"https:\/\/www.cea-emig.ne\/index.php\/wp-json\/wp\/v2\/pages\/114","targetHints":{"allow":["GET"]}}],"collection":[{"href":"https:\/\/www.cea-emig.ne\/index.php\/wp-json\/wp\/v2\/pages"}],"about":[{"href":"https:\/\/www.cea-emig.ne\/index.php\/wp-json\/wp\/v2\/types\/page"}],"author":[{"embeddable":true,"href":"https:\/\/www.cea-emig.ne\/index.php\/wp-json\/wp\/v2\/users\/1"}],"replies":[{"embeddable":true,"href":"https:\/\/www.cea-emig.ne\/index.php\/wp-json\/wp\/v2\/comments?post=114"}],"version-history":[{"count":2,"href":"https:\/\/www.cea-emig.ne\/index.php\/wp-json\/wp\/v2\/pages\/114\/revisions"}],"predecessor-version":[{"id":337,"href":"https:\/\/www.cea-emig.ne\/index.php\/wp-json\/wp\/v2\/pages\/114\/revisions\/337"}],"wp:attachment":[{"href":"https:\/\/www.cea-emig.ne\/index.php\/wp-json\/wp\/v2\/media?parent=114"}],"curies":[{"name":"wp","href":"https:\/\/api.w.org\/{rel}","templated":true}]}}