{"id":307,"date":"2025-05-03T15:55:01","date_gmt":"2025-05-03T13:55:01","guid":{"rendered":"https:\/\/www.cea-emig.ne\/?page_id=307"},"modified":"2025-05-04T14:42:05","modified_gmt":"2025-05-04T12:42:05","slug":"mots-du-directeur","status":"publish","type":"page","link":"https:\/\/www.cea-emig.ne\/index.php\/mots-du-directeur\/","title":{"rendered":"Mots du Directeur"},"content":{"rendered":"\n<div class=\"wp-block-columns is-layout-flex wp-container-core-columns-is-layout-9d6595d7 wp-block-columns-is-layout-flex\">\n<div class=\"wp-block-column is-layout-flow wp-block-column-is-layout-flow\" style=\"flex-basis:100%\">\n<div class=\"wp-block-media-text is-stacked-on-mobile is-vertically-aligned-top\"><figure class=\"wp-block-media-text__media\"><img loading=\"lazy\" decoding=\"async\" width=\"678\" height=\"1024\" src=\"https:\/\/www.cea-emig.ne\/wp-content\/uploads\/2025\/05\/PH-Dr-Ousman-678x1024.jpg\" alt=\"\" class=\"wp-image-322 size-full\" srcset=\"https:\/\/www.cea-emig.ne\/wp-content\/uploads\/2025\/05\/PH-Dr-Ousman-678x1024.jpg 678w, https:\/\/www.cea-emig.ne\/wp-content\/uploads\/2025\/05\/PH-Dr-Ousman-199x300.jpg 199w, https:\/\/www.cea-emig.ne\/wp-content\/uploads\/2025\/05\/PH-Dr-Ousman-768x1160.jpg 768w, https:\/\/www.cea-emig.ne\/wp-content\/uploads\/2025\/05\/PH-Dr-Ousman-1017x1536.jpg 1017w, https:\/\/www.cea-emig.ne\/wp-content\/uploads\/2025\/05\/PH-Dr-Ousman-1356x2048.jpg 1356w, https:\/\/www.cea-emig.ne\/wp-content\/uploads\/2025\/05\/PH-Dr-Ousman-715x1080.jpg 715w, https:\/\/www.cea-emig.ne\/wp-content\/uploads\/2025\/05\/PH-Dr-Ousman.jpg 1632w\" sizes=\"(max-width: 678px) 100vw, 678px\" \/><\/figure><div class=\"wp-block-media-text__content\">\n<p style=\"line-height:2\">Chers \u00e9tudiants du continent africain !<br>Chers partenaires !<br>Il n\u2019est plus un secret pour personne, le nombre des multi nationales \u00e9trang\u00e8res qui remuent nos sols et sous-sols pour l\u2019exploration ou l\u2019exploitation des ressources min\u00e9rales diverses augmente d\u2019ann\u00e9e en ann\u00e9e. Or, l\u2019exp\u00e9rience a souvent d\u00e9montr\u00e9 qu\u2019apr\u00e8s l\u2019exploitation, les entreprises mini\u00e8res laissent derri\u00e8re elles, un paysage d\u00e9vast\u00e9, des sols et m\u00eame des r\u00e9seaux hydrographiques perturb\u00e9s, un \u00e9cosyst\u00e8me en ruine\u2026<br>Des diagnostiques r\u00e9cents ont en parall\u00e8le, mis \u00e0 nu un manque criard des cadres comp\u00e9tents locaux pouvant prendre en charge les questions de fermeture et de r\u00e9habilitation des sites miniers aussi bien pour l\u2019exploitation artisanale que pour les Exploitations Mini\u00e8res \u00e0 Petite Echelle (EMAPE) ou m\u00eame l\u2019exploitation totalement m\u00e9canis\u00e9e. C\u2019est au coeur de tous ces paradigmes et au regard des enjeux et des imp\u00e9rieuses n\u00e9cessit\u00e9s que l\u2019Ecole des Mines, de l\u2019Industrie et de la G\u00e9ologie (EMIG) d\u00e9cide de ne peut rester en marge de cette triste r\u00e9alit\u00e9 et de r\u00e9agir.<br>Forte de son exp\u00e9rience en formation des techniciens et ing\u00e9nieurs g\u00e9ologues et miniers depuis plus de trente ans, l\u2019EMIG par ma voie, en collaboration avec des partenaires p\u00e9dagogiques internationaux de renom et des partenaires sectoriels motiv\u00e9s, s\u2019engage r\u00e9solument \u00e0 relever ce d\u00e9fi de taille.<br>Avec le projet CEA impact financ\u00e9 par la Banque Mondiale, l\u2019EMIG tout en s\u2019appuyant sur son vaste r\u00e9seau de partenaires multiformes, ambitionne de former des cadres comp\u00e9tents de niveau licence et mater en environnement minier. Les curricula conformes aux standards LMD ont \u00e9t\u00e9 \u00e9labor\u00e9s en parfaite ad\u00e9quation \u00ab formation \u2013 emploi \u00bb en collaboration avec les entreprises industrielles du secteur et les instituts et universit\u00e9s de formation de renom, r\u00e9gionaux et internationaux.<br>De m\u00eame, la mise en oeuvre des formations se fera de concert avec l\u2019ensemble des acteurs du domaine. C\u2019est pourquoi, le Directeur G\u00e9n\u00e9ral exhorte l\u2019implication effective de l\u2019ensemble des partenaires sectoriels.<br>A l\u2019endroit du personnel interne, la Direction G\u00e9n\u00e9rale engage r\u00e9solument l\u2019\u00e9cole dans un processus d\u2019am\u00e9lioration continue sous-tendue par un pilotage optimal d\u2019une Strat\u00e9gie et d\u2019un Syst\u00e8me de Management de la Qualit\u00e9.<br>Le projet CEA Impact Environnement Minier de l\u2019EMIG se propose d\u2019instituer et d\u2019appliquer l\u2019Assurance Qualit\u00e9 pour une reconnaissance des dipl\u00f4mes \u00e0 travers les accr\u00e9ditations des programmes et l\u2019habilitation institutionnelle.<br><\/p>\n\n\n\n<p><strong>Le Directeur G\u00e9n\u00e9ral<\/strong>  <\/p>\n\n\n\n<p><strong>Dr-Ing OUSMAN MAHAMADOU<\/strong><\/p>\n<\/div><\/div>\n<\/div>\n<\/div>\n","protected":false},"excerpt":{"rendered":"<p>Chers \u00e9tudiants du continent africain !Chers partenaires !Il n\u2019est plus un secret pour personne, le nombre des multi nationales \u00e9trang\u00e8res qui remuent nos sols et sous-sols pour l\u2019exploration ou l\u2019exploitation des ressources min\u00e9rales diverses augmente d\u2019ann\u00e9e en ann\u00e9e. Or, l\u2019exp\u00e9rience a souvent d\u00e9montr\u00e9 qu\u2019apr\u00e8s l\u2019exploitation, les entreprises mini\u00e8res laissent derri\u00e8re elles, un paysage d\u00e9vast\u00e9, des&#8230;<\/p>\n","protected":false},"author":1,"featured_media":0,"parent":0,"menu_order":0,"comment_status":"closed","ping_status":"closed","template":"","meta":{"saved_in_kubio":true,"_kad_post_transparent":"","_kad_post_title":"","_kad_post_layout":"","_kad_post_sidebar_id":"","_kad_post_content_style":"","_kad_post_vertical_padding":"","_kad_post_feature":"","_kad_post_feature_position":"","_kad_post_header":false,"_kad_post_footer":false,"footnotes":""},"class_list":["post-307","page","type-page","status-publish","hentry"],"kubio_ai_page_context":{"short_desc":"","purpose":"general"},"_links":{"self":[{"href":"https:\/\/www.cea-emig.ne\/index.php\/wp-json\/wp\/v2\/pages\/307","targetHints":{"allow":["GET"]}}],"collection":[{"href":"https:\/\/www.cea-emig.ne\/index.php\/wp-json\/wp\/v2\/pages"}],"about":[{"href":"https:\/\/www.cea-emig.ne\/index.php\/wp-json\/wp\/v2\/types\/page"}],"author":[{"embeddable":true,"href":"https:\/\/www.cea-emig.ne\/index.php\/wp-json\/wp\/v2\/users\/1"}],"replies":[{"embeddable":true,"href":"https:\/\/www.cea-emig.ne\/index.php\/wp-json\/wp\/v2\/comments?post=307"}],"version-history":[{"count":6,"href":"https:\/\/www.cea-emig.ne\/index.php\/wp-json\/wp\/v2\/pages\/307\/revisions"}],"predecessor-version":[{"id":329,"href":"https:\/\/www.cea-emig.ne\/index.php\/wp-json\/wp\/v2\/pages\/307\/revisions\/329"}],"wp:attachment":[{"href":"https:\/\/www.cea-emig.ne\/index.php\/wp-json\/wp\/v2\/media?parent=307"}],"curies":[{"name":"wp","href":"https:\/\/api.w.org\/{rel}","templated":true}]}}