{"id":346,"date":"2025-05-04T16:17:25","date_gmt":"2025-05-04T14:17:25","guid":{"rendered":"https:\/\/www.cea-emig.ne\/?page_id=346"},"modified":"2025-05-06T00:49:26","modified_gmt":"2025-05-05T22:49:26","slug":"jalon-3","status":"publish","type":"page","link":"https:\/\/www.cea-emig.ne\/index.php\/jalon-3\/","title":{"rendered":"Jalon 3"},"content":{"rendered":"\n<figure class=\"wp-block-image size-large is-resized\"><img loading=\"lazy\" decoding=\"async\" width=\"1024\" height=\"648\" src=\"https:\/\/www.cea-emig.ne\/wp-content\/uploads\/2025\/05\/43-JALON-3-1024x648.jpg\" alt=\"\" class=\"wp-image-423\" style=\"width:582px;height:auto\" srcset=\"https:\/\/www.cea-emig.ne\/wp-content\/uploads\/2025\/05\/43-JALON-3-1024x648.jpg 1024w, https:\/\/www.cea-emig.ne\/wp-content\/uploads\/2025\/05\/43-JALON-3-300x190.jpg 300w, https:\/\/www.cea-emig.ne\/wp-content\/uploads\/2025\/05\/43-JALON-3-768x486.jpg 768w, https:\/\/www.cea-emig.ne\/wp-content\/uploads\/2025\/05\/43-JALON-3.jpg 1080w\" sizes=\"(max-width: 1024px) 100vw, 1024px\" \/><\/figure>\n\n\n\n<p>Acc\u00e9dez au documents en cliquant sur les liens (fichier pdf) :<\/p>\n\n\n\n<p>Jalon 3 : Acquisition des \u00e9quipements lourds et \u00e9tude du nouveau b\u00e2timent<\/p>\n\n\n\n<ul class=\"wp-block-list\">\n<li><a href=\"http:\/\/www.cea-emig.ne\/wp-content\/uploads\/2025\/05\/attestation_operationalite.pdf\">Attestation op\u00e9rationalit\u00e9<\/a><\/li>\n\n\n\n<li><a href=\"http:\/\/www.cea-emig.ne\/wp-content\/uploads\/2025\/05\/Auto-certfication-Marches-publics-1.pdf\">Auto-certfication des March\u00e9s publics<\/a><\/li>\n\n\n\n<li><a href=\"http:\/\/www.cea-emig.ne\/wp-content\/uploads\/2025\/05\/Passation-de-marches.pdf\">Comit\u00e9 de passation de march\u00e9s<\/a><\/li>\n\n\n\n<li><a href=\"https:\/\/www.cea-emig.ne\/index.php\/equipement-de-labo-genie-minier-et-environnement\/\">Aquisition du mat\u00e9riel lourd du laboratoire d&rsquo;environnement<\/a><\/li>\n<\/ul>\n\n\n\n<p><\/p>\n","protected":false},"excerpt":{"rendered":"<p>Acc\u00e9dez au documents en cliquant sur les liens (fichier pdf) : Jalon 3 : Acquisition des \u00e9quipements lourds et \u00e9tude du nouveau b\u00e2timent<\/p>\n","protected":false},"author":1,"featured_media":0,"parent":0,"menu_order":0,"comment_status":"closed","ping_status":"closed","template":"","meta":{"saved_in_kubio":false,"_kad_post_transparent":"","_kad_post_title":"","_kad_post_layout":"","_kad_post_sidebar_id":"","_kad_post_content_style":"","_kad_post_vertical_padding":"","_kad_post_feature":"","_kad_post_feature_position":"","_kad_post_header":false,"_kad_post_footer":false,"footnotes":""},"class_list":["post-346","page","type-page","status-publish","hentry"],"kubio_ai_page_context":{"short_desc":"","purpose":"general"},"_links":{"self":[{"href":"https:\/\/www.cea-emig.ne\/index.php\/wp-json\/wp\/v2\/pages\/346","targetHints":{"allow":["GET"]}}],"collection":[{"href":"https:\/\/www.cea-emig.ne\/index.php\/wp-json\/wp\/v2\/pages"}],"about":[{"href":"https:\/\/www.cea-emig.ne\/index.php\/wp-json\/wp\/v2\/types\/page"}],"author":[{"embeddable":true,"href":"https:\/\/www.cea-emig.ne\/index.php\/wp-json\/wp\/v2\/users\/1"}],"replies":[{"embeddable":true,"href":"https:\/\/www.cea-emig.ne\/index.php\/wp-json\/wp\/v2\/comments?post=346"}],"version-history":[{"count":8,"href":"https:\/\/www.cea-emig.ne\/index.php\/wp-json\/wp\/v2\/pages\/346\/revisions"}],"predecessor-version":[{"id":511,"href":"https:\/\/www.cea-emig.ne\/index.php\/wp-json\/wp\/v2\/pages\/346\/revisions\/511"}],"wp:attachment":[{"href":"https:\/\/www.cea-emig.ne\/index.php\/wp-json\/wp\/v2\/media?parent=346"}],"curies":[{"name":"wp","href":"https:\/\/api.w.org\/{rel}","templated":true}]}}