{"id":350,"date":"2025-05-04T16:17:25","date_gmt":"2025-05-04T14:17:25","guid":{"rendered":"https:\/\/www.cea-emig.ne\/?page_id=350"},"modified":"2025-08-14T17:08:51","modified_gmt":"2025-08-14T15:08:51","slug":"gestion-fidiciaire","status":"publish","type":"page","link":"https:\/\/www.cea-emig.ne\/index.php\/gestion-fidiciaire\/","title":{"rendered":"Gestion fidiciaire"},"content":{"rendered":"\n<ul class=\"wp-block-list\">\n<li><strong><strong><a href=\"http:\/\/www.cea-emig.ne\/wp-content\/uploads\/2025\/08\/Avis-a-manifestation-dinteret-repertoire-des-fournisseurs.pdf\">Avis \u00e0 manifestation d&rsquo;int\u00e9r\u00eat r\u00e9pertoire des fournisseurs<\/a><\/strong><\/strong><\/li>\n\n\n\n<li><strong><a href=\"http:\/\/www.cea-emig.ne\/wp-content\/uploads\/2025\/08\/Narratif-PPM-additif-N\u00b01-2025-CEA_EM-EMIG.pdf\">Narratif PPM additif N\u00b01 2025 CEA_EM-EMIG<\/a><\/strong><\/li>\n\n\n\n<li><strong><a href=\"http:\/\/www.cea-emig.ne\/wp-content\/uploads\/2025\/08\/PPM-additif-N\u00b01-2025-CEA_EM-EMIG1.pdf\">PPM additif N\u00b01 2025 CEA_EM-EMIG(1)<\/a><\/strong><\/li>\n\n\n\n<li><strong><strong><a href=\"http:\/\/www.cea-emig.ne\/wp-content\/uploads\/2025\/08\/Repertoire-des-fournisseurs-CEA-2025.pdf\">R\u00e9pertoire des fournisseurs CEA-2025<\/a><\/strong><\/strong><\/li>\n\n\n\n<li><a href=\"http:\/\/www.cea-emig.ne\/wp-content\/uploads\/2025\/08\/Support-de-publicite-de-lavis-a-manifestation-dinteret-repertoire-des-fournisseurs.pdf\"><strong>Support de publicit\u00e9 de l&rsquo;avis \u00e0 manifestation d&rsquo;int\u00e9r\u00eat r\u00e9<\/strong>pertoire de fournisseurs<\/a><\/li>\n\n\n\n<li><\/li>\n<\/ul>\n","protected":false},"excerpt":{"rendered":"","protected":false},"author":1,"featured_media":0,"parent":0,"menu_order":0,"comment_status":"closed","ping_status":"closed","template":"","meta":{"saved_in_kubio":false,"_kad_post_transparent":"","_kad_post_title":"","_kad_post_layout":"","_kad_post_sidebar_id":"","_kad_post_content_style":"","_kad_post_vertical_padding":"","_kad_post_feature":"","_kad_post_feature_position":"","_kad_post_header":false,"_kad_post_footer":false,"footnotes":""},"class_list":["post-350","page","type-page","status-publish","hentry"],"kubio_ai_page_context":{"short_desc":"","purpose":"general"},"_links":{"self":[{"href":"https:\/\/www.cea-emig.ne\/index.php\/wp-json\/wp\/v2\/pages\/350","targetHints":{"allow":["GET"]}}],"collection":[{"href":"https:\/\/www.cea-emig.ne\/index.php\/wp-json\/wp\/v2\/pages"}],"about":[{"href":"https:\/\/www.cea-emig.ne\/index.php\/wp-json\/wp\/v2\/types\/page"}],"author":[{"embeddable":true,"href":"https:\/\/www.cea-emig.ne\/index.php\/wp-json\/wp\/v2\/users\/1"}],"replies":[{"embeddable":true,"href":"https:\/\/www.cea-emig.ne\/index.php\/wp-json\/wp\/v2\/comments?post=350"}],"version-history":[{"count":3,"href":"https:\/\/www.cea-emig.ne\/index.php\/wp-json\/wp\/v2\/pages\/350\/revisions"}],"predecessor-version":[{"id":646,"href":"https:\/\/www.cea-emig.ne\/index.php\/wp-json\/wp\/v2\/pages\/350\/revisions\/646"}],"wp:attachment":[{"href":"https:\/\/www.cea-emig.ne\/index.php\/wp-json\/wp\/v2\/media?parent=350"}],"curies":[{"name":"wp","href":"https:\/\/api.w.org\/{rel}","templated":true}]}}