{"id":376,"date":"2025-05-04T16:25:52","date_gmt":"2025-05-04T14:25:52","guid":{"rendered":"https:\/\/www.cea-emig.ne\/?page_id=376"},"modified":"2025-08-14T18:29:06","modified_gmt":"2025-08-14T16:29:06","slug":"autres-documents","status":"publish","type":"page","link":"https:\/\/www.cea-emig.ne\/index.php\/autres-documents\/","title":{"rendered":"Autres documents"},"content":{"rendered":"\n<ul class=\"wp-block-list\">\n<li><a href=\"https:\/\/www.cea-emig.ne\/index.php\/recrutement-dun-cabinet-darchitecture\/\">Etude du nouveau b\u00e2timent<\/a><\/li>\n<\/ul>\n\n\n\n<ul class=\"wp-block-list\">\n<li><a href=\"http:\/\/www.cea-emig.ne\/wp-content\/uploads\/2025\/05\/REGISTRE-IMMOBILISATION-CEA_EM-EMIG.pdf\">REGISTRE IMMOBILISATION CEA_EM-EMIG<\/a><\/li>\n\n\n\n<li><a href=\"https:\/\/www.cea-emig.ne\/index.php\/marche-formation-en-ethique-et-deontologie\/\">March\u00e9 de formation en \u00e9thique et d\u00e9ontologie<\/a><\/li>\n\n\n\n<li><a href=\"https:\/\/www.cea-emig.ne\/index.php\/marche-formation-methodologie-de-la-recherche\/\">March\u00e9 de formation \u00e0 la m\u00e9thodologie de la recherche<\/a><\/li>\n<\/ul>\n\n\n\n<figure class=\"wp-block-image size-large\"><img loading=\"lazy\" decoding=\"async\" width=\"1024\" height=\"768\" src=\"http:\/\/www.cea-emig.ne\/wp-content\/uploads\/2025\/05\/WhatsApp-Image-2025-05-04-at-12.51.43-1-1024x768.jpeg\" alt=\"\" class=\"wp-image-543\" srcset=\"https:\/\/www.cea-emig.ne\/wp-content\/uploads\/2025\/05\/WhatsApp-Image-2025-05-04-at-12.51.43-1-1024x768.jpeg 1024w, https:\/\/www.cea-emig.ne\/wp-content\/uploads\/2025\/05\/WhatsApp-Image-2025-05-04-at-12.51.43-1-300x225.jpeg 300w, https:\/\/www.cea-emig.ne\/wp-content\/uploads\/2025\/05\/WhatsApp-Image-2025-05-04-at-12.51.43-1-768x576.jpeg 768w, https:\/\/www.cea-emig.ne\/wp-content\/uploads\/2025\/05\/WhatsApp-Image-2025-05-04-at-12.51.43-1.jpeg 1080w\" sizes=\"(max-width: 1024px) 100vw, 1024px\" \/><\/figure>\n\n\n\n<p><\/p>\n","protected":false},"excerpt":{"rendered":"","protected":false},"author":1,"featured_media":0,"parent":0,"menu_order":0,"comment_status":"closed","ping_status":"closed","template":"","meta":{"saved_in_kubio":false,"_kad_post_transparent":"","_kad_post_title":"","_kad_post_layout":"","_kad_post_sidebar_id":"","_kad_post_content_style":"","_kad_post_vertical_padding":"","_kad_post_feature":"","_kad_post_feature_position":"","_kad_post_header":false,"_kad_post_footer":false,"footnotes":""},"class_list":["post-376","page","type-page","status-publish","hentry"],"kubio_ai_page_context":{"short_desc":"","purpose":"general"},"_links":{"self":[{"href":"https:\/\/www.cea-emig.ne\/index.php\/wp-json\/wp\/v2\/pages\/376","targetHints":{"allow":["GET"]}}],"collection":[{"href":"https:\/\/www.cea-emig.ne\/index.php\/wp-json\/wp\/v2\/pages"}],"about":[{"href":"https:\/\/www.cea-emig.ne\/index.php\/wp-json\/wp\/v2\/types\/page"}],"author":[{"embeddable":true,"href":"https:\/\/www.cea-emig.ne\/index.php\/wp-json\/wp\/v2\/users\/1"}],"replies":[{"embeddable":true,"href":"https:\/\/www.cea-emig.ne\/index.php\/wp-json\/wp\/v2\/comments?post=376"}],"version-history":[{"count":7,"href":"https:\/\/www.cea-emig.ne\/index.php\/wp-json\/wp\/v2\/pages\/376\/revisions"}],"predecessor-version":[{"id":671,"href":"https:\/\/www.cea-emig.ne\/index.php\/wp-json\/wp\/v2\/pages\/376\/revisions\/671"}],"wp:attachment":[{"href":"https:\/\/www.cea-emig.ne\/index.php\/wp-json\/wp\/v2\/media?parent=376"}],"curies":[{"name":"wp","href":"https:\/\/api.w.org\/{rel}","templated":true}]}}