{"id":648,"date":"2025-08-14T18:11:25","date_gmt":"2025-08-14T16:11:25","guid":{"rendered":"https:\/\/www.cea-emig.ne\/?page_id=648"},"modified":"2025-08-14T18:11:25","modified_gmt":"2025-08-14T16:11:25","slug":"marche-formation-en-ethique-et-deontologie","status":"publish","type":"page","link":"https:\/\/www.cea-emig.ne\/index.php\/marche-formation-en-ethique-et-deontologie\/","title":{"rendered":"March\u00e9 formation en \u00e9thique et d\u00e9ontologie"},"content":{"rendered":"\n<ul class=\"wp-block-list\">\n<li><strong><a href=\"http:\/\/www.cea-emig.ne\/wp-content\/uploads\/2025\/08\/Acte-de-nomination-des-membres-de-la-commission.pdf\">Acte de nomination des membres de la commission<\/a><\/strong><\/li>\n\n\n\n<li><strong><a href=\"http:\/\/www.cea-emig.ne\/wp-content\/uploads\/2025\/08\/Contrat.pdf\">Contrat<\/a><\/strong><\/li>\n\n\n\n<li><strong><a href=\"http:\/\/www.cea-emig.ne\/wp-content\/uploads\/2025\/08\/Lettres-de-manifestation-dinteret.pdf\">Lettres de manifestation d&rsquo;int\u00e9r\u00eat<\/a><\/strong><\/li>\n\n\n\n<li><strong><a href=\"http:\/\/www.cea-emig.ne\/wp-content\/uploads\/2025\/08\/liste-de-reception-des-dossiers.pdf\">liste de r\u00e9ception des dossiers<\/a><\/strong><\/li>\n\n\n\n<li><strong><a href=\"http:\/\/www.cea-emig.ne\/wp-content\/uploads\/2025\/08\/Ordre-de-service.pdf\">Ordre de service<\/a><\/strong><\/li>\n\n\n\n<li><strong><a href=\"http:\/\/www.cea-emig.ne\/wp-content\/uploads\/2025\/08\/PV-de-negociation.pdf\">PV de n\u00e9gociation<\/a><\/strong><\/li>\n\n\n\n<li><strong><a href=\"http:\/\/www.cea-emig.ne\/wp-content\/uploads\/2025\/08\/PV-de-selection-des-dossiers.pdf\">PV de s\u00e9lection des dossiers<\/a><\/strong><\/li>\n\n\n\n<li><strong><a href=\"http:\/\/www.cea-emig.ne\/wp-content\/uploads\/2025\/08\/PV-devaluation-des-offres-financieres.pdf\">PV d&rsquo;\u00e9valuation des offres financi\u00e8res<\/a><\/strong><\/li>\n\n\n\n<li><strong><a href=\"http:\/\/www.cea-emig.ne\/wp-content\/uploads\/2025\/08\/Termes-de-reference.pdf\">Termes de r\u00e9f\u00e9rence<\/a><\/strong><\/li>\n<\/ul>\n","protected":false},"excerpt":{"rendered":"","protected":false},"author":1,"featured_media":0,"parent":0,"menu_order":0,"comment_status":"closed","ping_status":"closed","template":"","meta":{"saved_in_kubio":false,"_kad_post_transparent":"","_kad_post_title":"","_kad_post_layout":"","_kad_post_sidebar_id":"","_kad_post_content_style":"","_kad_post_vertical_padding":"","_kad_post_feature":"","_kad_post_feature_position":"","_kad_post_header":false,"_kad_post_footer":false,"footnotes":""},"class_list":["post-648","page","type-page","status-publish","hentry"],"kubio_ai_page_context":{"short_desc":"","purpose":"general"},"_links":{"self":[{"href":"https:\/\/www.cea-emig.ne\/index.php\/wp-json\/wp\/v2\/pages\/648","targetHints":{"allow":["GET"]}}],"collection":[{"href":"https:\/\/www.cea-emig.ne\/index.php\/wp-json\/wp\/v2\/pages"}],"about":[{"href":"https:\/\/www.cea-emig.ne\/index.php\/wp-json\/wp\/v2\/types\/page"}],"author":[{"embeddable":true,"href":"https:\/\/www.cea-emig.ne\/index.php\/wp-json\/wp\/v2\/users\/1"}],"replies":[{"embeddable":true,"href":"https:\/\/www.cea-emig.ne\/index.php\/wp-json\/wp\/v2\/comments?post=648"}],"version-history":[{"count":1,"href":"https:\/\/www.cea-emig.ne\/index.php\/wp-json\/wp\/v2\/pages\/648\/revisions"}],"predecessor-version":[{"id":658,"href":"https:\/\/www.cea-emig.ne\/index.php\/wp-json\/wp\/v2\/pages\/648\/revisions\/658"}],"wp:attachment":[{"href":"https:\/\/www.cea-emig.ne\/index.php\/wp-json\/wp\/v2\/media?parent=648"}],"curies":[{"name":"wp","href":"https:\/\/api.w.org\/{rel}","templated":true}]}}